{"id":9063,"date":"2026-01-07T13:59:08","date_gmt":"2026-01-07T12:59:08","guid":{"rendered":"https:\/\/dutch-dreamers.com\/?post_type=product&#038;p=9063"},"modified":"2026-01-07T14:03:54","modified_gmt":"2026-01-07T13:03:54","slug":"prentenboek-bij-ons-thuis-diverse-gezinssamenstellingen","status":"publish","type":"product","link":"https:\/\/dutch-dreamers.com\/en\/product\/prentenboek-bij-ons-thuis-diverse-gezinssamenstellingen\/","title":{"rendered":"Prentenboek &#8211; Bij Ons Thuis &#8211; Diverse gezinssamenstellingen"},"content":{"rendered":"","protected":false},"excerpt":{"rendered":"<article class=\"text-token-text-primary w-full\" dir=\"auto\" data-testid=\"conversation-turn-18\" data-scroll-anchor=\"true\">\n<div class=\"text-base my-auto mx-auto py-5 [--thread-content-margin:--spacing(4)] @[37rem]:[--thread-content-margin:--spacing(6)] @[72rem]:[--thread-content-margin:--spacing(16)] px-(--thread-content-margin)\">\n<div class=\"[--thread-content-max-width:32rem] @[34rem]:[--thread-content-max-width:40rem] @[64rem]:[--thread-content-max-width:48rem] mx-auto flex max-w-(--thread-content-max-width) flex-1 text-base gap-4 md:gap-5 lg:gap-6 group\/turn-messages focus-visible:outline-hidden\" tabindex=\"-1\">\n<div class=\"group\/conversation-turn relative flex w-full min-w-0 flex-col agent-turn\">\n<div class=\"relative flex-col gap-1 md:gap-3\">\n<div class=\"flex max-w-full flex-col grow\">\n<div class=\"min-h-8 text-message relative flex w-full flex-col items-end gap-2 text-start break-words whitespace-normal [.text-message+&amp;]:mt-5\" dir=\"auto\" data-message-author-role=\"assistant\" data-message-id=\"cb444d1c-ecc4-43ab-82a6-ee0bfe2bab84\" data-message-model-slug=\"gpt-4o\">\n<div class=\"flex w-full flex-col gap-1 empty:hidden first:pt-[3px]\">\n<div class=\"markdown prose dark:prose-invert w-full break-words light\">\n<article class=\"text-token-text-primary w-full\" dir=\"auto\" data-testid=\"conversation-turn-32\" data-scroll-anchor=\"true\">\n<div class=\"text-base my-auto mx-auto py-5 [--thread-content-margin:--spacing(4)] @[37rem]:[--thread-content-margin:--spacing(6)] @[72rem]:[--thread-content-margin:--spacing(16)] px-(--thread-content-margin)\">\n<div class=\"[--thread-content-max-width:32rem] @[34rem]:[--thread-content-max-width:40rem] @[64rem]:[--thread-content-max-width:48rem] mx-auto flex max-w-(--thread-content-max-width) flex-1 text-base gap-4 md:gap-5 lg:gap-6 group\/turn-messages focus-visible:outline-hidden\" tabindex=\"-1\">\n<div class=\"group\/conversation-turn relative flex w-full min-w-0 flex-col agent-turn\">\n<div class=\"relative flex-col gap-1 md:gap-3\">\n<div class=\"flex max-w-full flex-col grow\">\n<div class=\"min-h-8 text-message relative flex w-full flex-col items-end gap-2 text-start break-words whitespace-normal [.text-message+&amp;]:mt-5\" dir=\"auto\" data-message-author-role=\"assistant\" data-message-id=\"f03d6fb8-f57d-4352-bb0d-4189b4110b4b\" data-message-model-slug=\"gpt-4o\">\n<div class=\"flex w-full flex-col gap-1 empty:hidden first:pt-[3px]\">\n<div class=\"markdown prose dark:prose-invert w-full break-words light\">\n<article class=\"text-token-text-primary w-full\" dir=\"auto\" data-testid=\"conversation-turn-34\" data-scroll-anchor=\"true\">\n<div class=\"text-base my-auto mx-auto py-5 [--thread-content-margin:--spacing(4)] @[37rem]:[--thread-content-margin:--spacing(6)] @[72rem]:[--thread-content-margin:--spacing(16)] px-(--thread-content-margin)\">\n<div class=\"[--thread-content-max-width:32rem] @[34rem]:[--thread-content-max-width:40rem] @[64rem]:[--thread-content-max-width:48rem] mx-auto flex max-w-(--thread-content-max-width) flex-1 text-base gap-4 md:gap-5 lg:gap-6 group\/turn-messages focus-visible:outline-hidden\" tabindex=\"-1\">\n<div class=\"group\/conversation-turn relative flex w-full min-w-0 flex-col agent-turn\">\n<div class=\"relative flex-col gap-1 md:gap-3\">\n<div class=\"flex max-w-full flex-col grow\">\n<div class=\"min-h-8 text-message relative flex w-full flex-col items-end gap-2 text-start break-words whitespace-normal [.text-message+&amp;]:mt-5\" dir=\"auto\" data-message-author-role=\"assistant\" data-message-id=\"b3c65750-0f7a-4f8f-a758-2de7a1b10ca6\" data-message-model-slug=\"gpt-4o\">\n<div class=\"flex w-full flex-col gap-1 empty:hidden first:pt-[3px]\">\n<div class=\"markdown prose dark:prose-invert w-full break-words light\">\n<p>Iedere familie is anders \u2013 en in <em>Bij ons thuis<\/em> ontdekken jonge kinderen op een warme en speelse manier dat elke gezinssamenstelling helemaal ok\u00e9 is. Of je nu \u00e9\u00e9n mama of papa hebt, twee papa\u2019s, twee mama&#8217;s, een mama en een papa, of twee papa&#8217;s en een mama.<\/p>\n<p>Met zachte, sfeervolle illustraties en herkenbare momenten laat het boek zien dat niet de vorm, maar de liefde een gezin maakt.<\/p>\n<p><strong>Speels extraatje:<\/strong> Op elke pagina is een kleine beer verstopt. Door deze te zoeken ontdekken kinderen op een vrolijke en laagdrempelige manier dat alle gezinnen eigenlijk gelijk zijn \u2014 de beren verbinden de verhalen en laten zien dat liefde overal hetzelfde voelt.<\/p>\n<p><strong>Waarom je dit boek wilt hebben:<\/strong><br \/>\n\ud83e\uddf8 Lief en veilig boek om diversiteit in gezinnen uit te leggen<br \/>\n\ud83e\uddf8 Perfect voor peuters en kleuters<br \/>\n\ud83e\uddf8 Inclusief zoekspel dat kijken, concentratie en taal stimuleert<br \/>\n\ud83e\uddf8 Warme illustraties die uitnodigen tot samen lezen en praten<\/p>\n<p>Een prachtig cadeauboek om thuis voor te lezen, maar ook ideaal voor scholen, opvanglocaties en iedereen die met jonge kinderen werkt.<\/p>\n<\/div>\n<\/div>\n<\/div>\n<\/div>\n<\/div>\n<\/div>\n<\/div>\n<\/div>\n<\/article>\n<\/div>\n<\/div>\n<\/div>\n<\/div>\n<\/div>\n<\/div>\n<\/div>\n<\/div>\n<\/article>\n<\/div>\n<\/div>\n<\/div>\n<\/div>\n<\/div>\n<\/div>\n<\/div>\n<\/div>\n<\/article>\n<p data-start=\"730\" data-end=\"824\">\ud83c\udf81 Cadeau? Geen probleem \u2013 wij pakken het altijd kosteloos voor je in<\/p>","protected":false},"featured_media":9067,"template":"","meta":{"_et_pb_use_builder":"","_et_pb_old_content":"","_et_gb_content_width":""},"product_brand":[178],"product_cat":[228],"product_tag":[],"class_list":{"0":"post-9063","1":"product","2":"type-product","3":"status-publish","4":"has-post-thumbnail","6":"product_brand-dutch-dreamers","7":"product_cat-kind-educatief-boek","8":"product_shipping_class-brievenbus","10":"first","11":"instock","12":"taxable","13":"shipping-taxable","14":"purchasable","15":"product-type-variable"},"aioseo_notices":[],"_links":{"self":[{"href":"https:\/\/dutch-dreamers.com\/en\/wp-json\/wp\/v2\/product\/9063","targetHints":{"allow":["GET"]}}],"collection":[{"href":"https:\/\/dutch-dreamers.com\/en\/wp-json\/wp\/v2\/product"}],"about":[{"href":"https:\/\/dutch-dreamers.com\/en\/wp-json\/wp\/v2\/types\/product"}],"wp:featuredmedia":[{"embeddable":true,"href":"https:\/\/dutch-dreamers.com\/en\/wp-json\/wp\/v2\/media\/9067"}],"wp:attachment":[{"href":"https:\/\/dutch-dreamers.com\/en\/wp-json\/wp\/v2\/media?parent=9063"}],"wp:term":[{"taxonomy":"product_brand","embeddable":true,"href":"https:\/\/dutch-dreamers.com\/en\/wp-json\/wp\/v2\/product_brand?post=9063"},{"taxonomy":"product_cat","embeddable":true,"href":"https:\/\/dutch-dreamers.com\/en\/wp-json\/wp\/v2\/product_cat?post=9063"},{"taxonomy":"product_tag","embeddable":true,"href":"https:\/\/dutch-dreamers.com\/en\/wp-json\/wp\/v2\/product_tag?post=9063"}],"curies":[{"name":"wp","href":"https:\/\/api.w.org\/{rel}","templated":true}]}}