{"id":8900,"date":"2025-12-08T21:42:47","date_gmt":"2025-12-08T20:42:47","guid":{"rendered":"https:\/\/dutch-dreamers.com\/?post_type=product&#038;p=8900"},"modified":"2025-12-08T21:45:24","modified_gmt":"2025-12-08T20:45:24","slug":"houten-balansspel-ark-van-noach","status":"publish","type":"product","link":"https:\/\/dutch-dreamers.com\/en\/product\/houten-balansspel-ark-van-noach\/","title":{"rendered":"Houten Balansspel &#8211; Ark van Noach"},"content":{"rendered":"","protected":false},"excerpt":{"rendered":"<article class=\"text-token-text-primary w-full focus:outline-none scroll-mt-[calc(var(--header-height)+min(200px,max(70px,20svh)))]\" dir=\"auto\" tabindex=\"-1\" data-turn-id=\"request-WEB:ffabf96c-11e4-4433-9c97-c5f9ae00d8ae-44\" data-testid=\"conversation-turn-90\" data-scroll-anchor=\"true\" data-turn=\"assistant\">\n<div class=\"text-base my-auto mx-auto pb-10 [--thread-content-margin:--spacing(4)] thread-sm:[--thread-content-margin:--spacing(6)] thread-lg:[--thread-content-margin:--spacing(16)] px-(--thread-content-margin)\">\n<div class=\"[--thread-content-max-width:40rem] thread-sm:[--thread-content-max-width:40rem] thread-lg:[--thread-content-max-width:48rem] mx-auto max-w-(--thread-content-max-width) flex-1 group\/turn-messages focus-visible:outline-hidden relative flex w-full min-w-0 flex-col agent-turn\" tabindex=\"-1\">\n<div class=\"flex max-w-full flex-col grow\">\n<div class=\"min-h-8 text-message relative flex w-full flex-col items-end gap-2 text-start break-words whitespace-normal [.text-message+&amp;]:mt-5\" dir=\"auto\" data-message-author-role=\"assistant\" data-message-id=\"d3cb3fa3-ab64-4fe7-a3f0-bf19ca088911\" data-message-model-slug=\"gpt-5-mini\">\n<div class=\"flex w-full flex-col gap-1 empty:hidden first:pt-[3px]\">\n<div class=\"markdown prose dark:prose-invert w-full break-words light markdown-new-styling\">\n<p data-start=\"171\" data-end=\"533\">Dit unieke balansspel met een houten ark en zes schattige dierenparen daagt kinderen uit om spelenderwijs te ontdekken wat evenwicht betekent. Door de dieren \u00e9\u00e9n voor \u00e9\u00e9n op de ark te stapelen, oefenen kinderen op een natuurlijke manier hun fijne motoriek, oog-handco\u00f6rdinatie, concentratie en geduld.<\/p>\n<p data-start=\"535\" data-end=\"757\">Wil je het spel nog uitdagender maken?<br data-start=\"573\" data-end=\"576\" \/>Gebruik dan de kleurendobbelsteen: het dier dat je dobbelt, mag als volgende worden geplaatst. Zo blijft het spel spannend en afwisselend voor kinderen van verschillende leeftijden.<\/p>\n<p data-start=\"759\" data-end=\"1052\">De liefdevolle dierillustraties, moderne kleurstelling en hoogwaardige afwerking maken dit houten balansspel niet alleen leuk om mee te spelen, maar ook een decoratieve blikvanger in huis. Het spel kan zowel alleen als met meerdere personen worden gespeeld, wat het ideaal maakt voor gezinnen.<\/p>\n<hr data-start=\"1054\" data-end=\"1057\" \/>\n<h2 data-start=\"1059\" data-end=\"1108\"><strong data-start=\"1062\" data-end=\"1108\">Waarom dit houten balansspel bijzonder is:<\/strong><\/h2>\n<ul data-start=\"1109\" data-end=\"1445\">\n<li data-start=\"1109\" data-end=\"1168\">\n<p data-start=\"1111\" data-end=\"1168\">Zes dierenparen, liefdevol ontworpen in moderne kleuren<\/p>\n<\/li>\n<li data-start=\"1169\" data-end=\"1231\">\n<p data-start=\"1171\" data-end=\"1231\">Stimuleert balans, evenwicht en probleemoplossend vermogen<\/p>\n<\/li>\n<li data-start=\"1232\" data-end=\"1283\">\n<p data-start=\"1234\" data-end=\"1283\">Bevordert fijne motoriek en oog-handco\u00f6rdinatie<\/p>\n<\/li>\n<li data-start=\"1284\" data-end=\"1337\">\n<p data-start=\"1286\" data-end=\"1337\">Inclusief kleurendobbelsteen voor extra uitdaging<\/p>\n<\/li>\n<li data-start=\"1338\" data-end=\"1393\">\n<p data-start=\"1340\" data-end=\"1393\">Geschikt om alleen te spelen of samen met het gezin<\/p>\n<\/li>\n<li data-start=\"1394\" data-end=\"1445\">\n<p data-start=\"1396\" data-end=\"1445\">Gemaakt van hoogwaardig hout met duurzame print<\/p>\n<\/li>\n<li data-start=\"1394\" data-end=\"1445\">Geschikt vanaf 3 jaar<\/li>\n<\/ul>\n<\/div>\n<\/div>\n<\/div>\n<\/div>\n<\/div>\n<\/div>\n<\/article>\n<p data-start=\"639\" data-end=\"699\">\ud83c\udf81<strong>\u00a0Gift? No problem - we always wrap it for you free of charge<\/strong><\/p>","protected":false},"featured_media":8891,"template":"","meta":{"_et_pb_use_builder":"","_et_pb_old_content":"","_et_gb_content_width":""},"product_brand":[185],"product_cat":[171],"product_tag":[],"class_list":{"0":"post-8900","1":"product","2":"type-product","3":"status-publish","4":"has-post-thumbnail","6":"product_brand-small-foot","7":"product_cat-kids-knuffels-en-speelgoed-houten-speelgoed","8":"product_shipping_class-pakket","10":"first","11":"instock","12":"taxable","13":"shipping-taxable","14":"purchasable","15":"product-type-variable"},"aioseo_notices":[],"_links":{"self":[{"href":"https:\/\/dutch-dreamers.com\/en\/wp-json\/wp\/v2\/product\/8900","targetHints":{"allow":["GET"]}}],"collection":[{"href":"https:\/\/dutch-dreamers.com\/en\/wp-json\/wp\/v2\/product"}],"about":[{"href":"https:\/\/dutch-dreamers.com\/en\/wp-json\/wp\/v2\/types\/product"}],"wp:featuredmedia":[{"embeddable":true,"href":"https:\/\/dutch-dreamers.com\/en\/wp-json\/wp\/v2\/media\/8891"}],"wp:attachment":[{"href":"https:\/\/dutch-dreamers.com\/en\/wp-json\/wp\/v2\/media?parent=8900"}],"wp:term":[{"taxonomy":"product_brand","embeddable":true,"href":"https:\/\/dutch-dreamers.com\/en\/wp-json\/wp\/v2\/product_brand?post=8900"},{"taxonomy":"product_cat","embeddable":true,"href":"https:\/\/dutch-dreamers.com\/en\/wp-json\/wp\/v2\/product_cat?post=8900"},{"taxonomy":"product_tag","embeddable":true,"href":"https:\/\/dutch-dreamers.com\/en\/wp-json\/wp\/v2\/product_tag?post=8900"}],"curies":[{"name":"wp","href":"https:\/\/api.w.org\/{rel}","templated":true}]}}