{"id":5310,"date":"2025-09-15T12:58:36","date_gmt":"2025-09-15T11:58:36","guid":{"rendered":"https:\/\/dutch-dreamers.com\/?post_type=product&#038;p=5310"},"modified":"2025-09-15T13:30:59","modified_gmt":"2025-09-15T12:30:59","slug":"houten-kinderlaptop","status":"publish","type":"product","link":"https:\/\/dutch-dreamers.com\/en\/product\/houten-kinderlaptop\/","title":{"rendered":"Houten Kinderlaptop"},"content":{"rendered":"","protected":false},"excerpt":{"rendered":"<p data-start=\"163\" data-end=\"476\">Deze moderne <strong data-start=\"176\" data-end=\"193\">houten laptop<\/strong> is speciaal ontworpen voor de allerkleinsten en maakt leren extra leuk! Het \u201cscherm\u201d van de laptop is een <strong data-start=\"300\" data-end=\"315\">magneetbord<\/strong> waarop kinderen met de meegeleverde <strong data-start=\"352\" data-end=\"398\">magnetische letters, leestekens en cijfers<\/strong> hun eerste woorden kunnen leggen of eenvoudige rekenopgaven kunnen oefenen.<\/p>\n<p data-start=\"478\" data-end=\"716\">Daarnaast kan er met krijt op het bord worden getekend en geschreven \u2013 ideaal voor creatieve uitspattingen of het oefenen van schrijven. Met de spons wordt alles eenvoudig weer weggeveegd, zodat er eindeloos opnieuw gespeeld kan worden.<\/p>\n<p data-start=\"718\" data-end=\"958\">Een leuke extra: de set bevat ook een <strong data-start=\"756\" data-end=\"777\">houten smartphone<\/strong>, waardoor kinderen zich nog meer kunnen onderdompelen in hun rollenspel. Dankzij het <strong data-start=\"863\" data-end=\"883\">compacte formaat<\/strong> is de laptop gemakkelijk mee te nemen, perfect voor onderweg of op reis.<\/p>\n<h4 data-start=\"960\" data-end=\"1012\">Voordelen van de Houten Laptop voor Kinderen:<\/h4>\n<ul data-start=\"1013\" data-end=\"1371\">\n<li data-start=\"1013\" data-end=\"1071\">\n<p data-start=\"1015\" data-end=\"1071\">Educatief speelgoed: leren lezen, schrijven en rekenen<\/p>\n<\/li>\n<li data-start=\"1072\" data-end=\"1129\">\n<p data-start=\"1074\" data-end=\"1129\">Magnetische letters, leestekens en cijfers inbegrepen<\/p>\n<\/li>\n<li data-start=\"1130\" data-end=\"1183\">\n<p data-start=\"1132\" data-end=\"1183\">Multifunctioneel: magneetbord \u00e9n krijtbord in \u00e9\u00e9n<\/p>\n<\/li>\n<li data-start=\"1184\" data-end=\"1224\">\n<p data-start=\"1186\" data-end=\"1224\">Inclusief houten smartphone en spons<\/p>\n<\/li>\n<li data-start=\"1225\" data-end=\"1282\">\n<p data-start=\"1227\" data-end=\"1282\">Stimuleert creativiteit, motoriek en taalontwikkeling<\/p>\n<\/li>\n<li data-start=\"1283\" data-end=\"1338\">\n<p data-start=\"1285\" data-end=\"1338\">Compact en draagbaar ontwerp \u2013 ideaal voor onderweg<\/p>\n<\/li>\n<li data-start=\"1339\" data-end=\"1371\">\n<p data-start=\"1341\" data-end=\"1371\">Afmeting: 30 \u00d7 1,5 \u00d7 22,5 cm<\/p>\n<\/li>\n<li data-start=\"1339\" data-end=\"1371\">Merk: Small Foot<\/li>\n<li data-start=\"1339\" data-end=\"1371\">Vanaf 6 jaar<\/li>\n<\/ul>\n<p data-start=\"1373\" data-end=\"1528\">Met deze <strong data-start=\"1382\" data-end=\"1410\">educatieve houten laptop<\/strong> leren kinderen spelenderwijs letters en cijfers kennen \u2013 een origineel en leerzaam cadeau voor peuters en kleuters!<\/p>\n<p data-start=\"639\" data-end=\"699\">\ud83c\udf81<strong>\u00a0Gift? No problem - we always wrap it for you free of charge<\/strong><\/p>","protected":false},"featured_media":5337,"template":"","meta":{"_et_pb_use_builder":"","_et_pb_old_content":"","_et_gb_content_width":""},"product_brand":[185],"product_cat":[171],"product_tag":[],"class_list":{"0":"post-5310","1":"product","2":"type-product","3":"status-publish","4":"has-post-thumbnail","6":"product_brand-small-foot","7":"product_cat-kids-knuffels-en-speelgoed-houten-speelgoed","8":"product_shipping_class-pakket","10":"first","11":"instock","12":"taxable","13":"shipping-taxable","14":"purchasable","15":"product-type-variable"},"aioseo_notices":[],"_links":{"self":[{"href":"https:\/\/dutch-dreamers.com\/en\/wp-json\/wp\/v2\/product\/5310","targetHints":{"allow":["GET"]}}],"collection":[{"href":"https:\/\/dutch-dreamers.com\/en\/wp-json\/wp\/v2\/product"}],"about":[{"href":"https:\/\/dutch-dreamers.com\/en\/wp-json\/wp\/v2\/types\/product"}],"wp:featuredmedia":[{"embeddable":true,"href":"https:\/\/dutch-dreamers.com\/en\/wp-json\/wp\/v2\/media\/5337"}],"wp:attachment":[{"href":"https:\/\/dutch-dreamers.com\/en\/wp-json\/wp\/v2\/media?parent=5310"}],"wp:term":[{"taxonomy":"product_brand","embeddable":true,"href":"https:\/\/dutch-dreamers.com\/en\/wp-json\/wp\/v2\/product_brand?post=5310"},{"taxonomy":"product_cat","embeddable":true,"href":"https:\/\/dutch-dreamers.com\/en\/wp-json\/wp\/v2\/product_cat?post=5310"},{"taxonomy":"product_tag","embeddable":true,"href":"https:\/\/dutch-dreamers.com\/en\/wp-json\/wp\/v2\/product_tag?post=5310"}],"curies":[{"name":"wp","href":"https:\/\/api.w.org\/{rel}","templated":true}]}}