{"id":2101,"date":"2025-05-09T11:39:39","date_gmt":"2025-05-09T10:39:39","guid":{"rendered":"https:\/\/dutch-dreamers.com\/?post_type=product&#038;p=2101"},"modified":"2026-01-22T16:00:34","modified_gmt":"2026-01-22T15:00:34","slug":"2-in-1-zwangerschaps-en-voedingskussen","status":"publish","type":"product","link":"https:\/\/dutch-dreamers.com\/en\/product\/2-in-1-zwangerschaps-en-voedingskussen\/","title":{"rendered":"2-in-1 zwangerschaps- en voedingskussen &#8211; groen"},"content":{"rendered":"","protected":false},"excerpt":{"rendered":"<p class=\"\" data-start=\"174\" data-end=\"235\"><strong data-start=\"174\" data-end=\"235\">Zwangerschapskussen \u00e9n voedingskussen in \u00e9\u00e9n slim ontwerp<\/strong><\/p>\n<p class=\"\" data-start=\"237\" data-end=\"404\">Waarom kiezen als je ook allebei kunt hebben? Het <strong data-start=\"287\" data-end=\"317\">B. LOVE 2-in-1 zwangerschaps- en voedingskussen<\/strong> past zich moeiteloos aan jouw behoeften aan \u2013 van zwangerschap tot ver na de babyfase.<\/p>\n<p class=\"\" data-start=\"406\" data-end=\"444\">\ud83e\udde1 <strong data-start=\"409\" data-end=\"442\">Twee formaten, \u00e9\u00e9n oplossing:<\/strong><\/p>\n<ol data-start=\"445\" data-end=\"659\">\n<li class=\"\" data-start=\"445\" data-end=\"553\">\n<p class=\"\" data-start=\"448\" data-end=\"553\"><strong data-start=\"448\" data-end=\"478\">Lang, ondersteunend kussen<\/strong> \u2013 Perfect om rug, buik en benen te ondersteunen tijdens de zwangerschap.<\/p>\n<\/li>\n<li class=\"\" data-start=\"554\" data-end=\"659\">\n<p class=\"\" data-start=\"557\" data-end=\"659\"><strong data-start=\"557\" data-end=\"583\">Compact voedingskussen<\/strong> \u2013 Ideaal voor comfortabele borstvoeding of flesvoeding, overal en altijd.<\/p>\n<\/li>\n<\/ol>\n<p class=\"\" data-start=\"661\" data-end=\"788\">\u2728 Dankzij het <strong data-start=\"675\" data-end=\"707\">gemakkelijke transfersysteem<\/strong> switch je moeiteloos van het ene formaat naar het andere \u2013 zonder extra aankoop.<\/p>\n<hr class=\"\" data-start=\"790\" data-end=\"793\" \/>\n<p data-start=\"795\" data-end=\"847\"><strong data-start=\"799\" data-end=\"847\">Waarom je dit kussen nooit meer wilt missen:<\/strong><\/p>\n<ul data-start=\"848\" data-end=\"1220\">\n<li class=\"\" data-start=\"848\" data-end=\"922\">\n<p class=\"\" data-start=\"850\" data-end=\"922\">\u2714\ufe0f <strong data-start=\"853\" data-end=\"873\">Ultracomfortabel<\/strong> \u2013 Gevuld met ultrafijne, stille microbolletjes<\/p>\n<\/li>\n<li class=\"\" data-start=\"923\" data-end=\"998\">\n<p class=\"\" data-start=\"925\" data-end=\"998\">\u2714\ufe0f <strong data-start=\"928\" data-end=\"952\">Zachte, rekbare hoes<\/strong> van biologisch katoen (GOTS-gecertificeerd)<\/p>\n<\/li>\n<li class=\"\" data-start=\"999\" data-end=\"1065\">\n<p class=\"\" data-start=\"1001\" data-end=\"1065\">\u2714\ufe0f <strong data-start=\"1004\" data-end=\"1043\">Past zich aan elke lichaamsvorm aan<\/strong> voor ultiem comfort<\/p>\n<\/li>\n<li class=\"\" data-start=\"1066\" data-end=\"1139\">\n<p class=\"\" data-start=\"1068\" data-end=\"1139\">\u2714\ufe0f <strong data-start=\"1071\" data-end=\"1085\">Hervulbaar<\/strong> via een veilige ritssluiting voor langdurig gebruik<\/p>\n<\/li>\n<li class=\"\" data-start=\"1140\" data-end=\"1220\">\n<p class=\"\" data-start=\"1142\" data-end=\"1220\">\u2714\ufe0f <strong data-start=\"1145\" data-end=\"1165\">Multifunctioneel<\/strong> \u2013 Ook ideaal om te lezen, ontspannen of TV te kijken<\/p>\n<\/li>\n<\/ul>\n<p class=\"\" data-start=\"1222\" data-end=\"1457\">\u267b\ufe0f <strong data-start=\"1225\" data-end=\"1247\">Duurzaam ontworpen door Babymoov<\/strong><br data-start=\"1247\" data-end=\"1250\" \/>Bij Babymoov denken we aan de toekomst. Daarom maken we bewuste keuzes in onze productie en materialen. Met <strong data-start=\"1358\" data-end=\"1372\">#Greenmoov<\/strong> zetten we stap voor stap koers naar een milieuvriendelijkere wereld \u2013 samen met jou.<\/p>\n<p data-start=\"639\" data-end=\"699\">\ud83c\udf81<strong>\u00a0Gift? No problem - we always wrap it for you free of charge<\/strong><\/p>","protected":false},"featured_media":1990,"template":"","meta":{"_et_pb_use_builder":"","_et_pb_old_content":"","_et_gb_content_width":""},"product_brand":[],"product_cat":[41,31,42],"product_tag":[],"class_list":{"0":"post-2101","1":"product","2":"type-product","3":"status-publish","4":"has-post-thumbnail","6":"product_cat-cadeau","7":"product_cat-praktisch","8":"product_cat-voeding","10":"first","11":"instock","12":"taxable","13":"shipping-taxable","14":"purchasable","15":"product-type-variable"},"aioseo_notices":[],"_links":{"self":[{"href":"https:\/\/dutch-dreamers.com\/en\/wp-json\/wp\/v2\/product\/2101","targetHints":{"allow":["GET"]}}],"collection":[{"href":"https:\/\/dutch-dreamers.com\/en\/wp-json\/wp\/v2\/product"}],"about":[{"href":"https:\/\/dutch-dreamers.com\/en\/wp-json\/wp\/v2\/types\/product"}],"wp:featuredmedia":[{"embeddable":true,"href":"https:\/\/dutch-dreamers.com\/en\/wp-json\/wp\/v2\/media\/1990"}],"wp:attachment":[{"href":"https:\/\/dutch-dreamers.com\/en\/wp-json\/wp\/v2\/media?parent=2101"}],"wp:term":[{"taxonomy":"product_brand","embeddable":true,"href":"https:\/\/dutch-dreamers.com\/en\/wp-json\/wp\/v2\/product_brand?post=2101"},{"taxonomy":"product_cat","embeddable":true,"href":"https:\/\/dutch-dreamers.com\/en\/wp-json\/wp\/v2\/product_cat?post=2101"},{"taxonomy":"product_tag","embeddable":true,"href":"https:\/\/dutch-dreamers.com\/en\/wp-json\/wp\/v2\/product_tag?post=2101"}],"curies":[{"name":"wp","href":"https:\/\/api.w.org\/{rel}","templated":true}]}}